{"id":1737,"date":"2025-10-16T09:23:52","date_gmt":"2025-10-16T09:23:52","guid":{"rendered":"https:\/\/carli1870.it\/?post_type=product&#038;p=1737"},"modified":"2025-10-16T09:23:52","modified_gmt":"2025-10-16T09:23:52","slug":"divano-doimo-mod-bristol","status":"publish","type":"product","link":"https:\/\/carli1870.it\/de\/divano-doimo-mod-bristol\/","title":{"rendered":"Divano Doimo mod. Bristol"},"content":{"rendered":"<p class=\"p1\">Il <span class=\"s1\"><b>divano Doimo modello Bristol<\/b><\/span> \u00e8 una proposta d\u2019arredo che coniuga comfort, eleganza e praticit\u00e0 in un design contemporaneo e accogliente. Con le sue dimensioni di <span class=\"s1\"><b>240 cm di larghezza<\/b><\/span>, <span class=\"s1\"><b>100 cm di profondit\u00e0<\/b><\/span> e <span class=\"s1\"><b>88 cm di altezza<\/b><\/span>, offre due ampie sedute scorrevoli manuali che permettono di estendere la profondit\u00e0 fino a <span class=\"s1\"><b>123 cm<\/b><\/span>, trasformando il divano in una comoda area relax.<\/p>\n<p class=\"p1\">Rivestito in <span class=\"s1\"><b>tessuto completamente sfoderabile e lavabile in lavatrice<\/b><\/span>, il modello Bristol \u00e8 pensato per garantire la massima funzionalit\u00e0 e facilit\u00e0 di manutenzione. I <span class=\"s1\"><b>cuscini in piuma<\/b><\/span> assicurano un comfort morbido e naturale, ideale per momenti di riposo o convivialit\u00e0.<\/p>\n<p class=\"p1\">Linee pulite, proporzioni armoniose e materiali di qualit\u00e0 rendono questo divano una scelta perfetta per chi desidera un complemento d\u2019arredo versatile e raffinato, capace di unire estetica e benessere in un\u2019unica soluzione firmata Doimo.<\/p>\n","protected":false},"excerpt":{"rendered":"<p>Il divano Doimo modello Bristol \u00e8 una proposta d\u2019arredo che coniuga comfort, eleganza e praticit\u00e0 in un design contemporaneo e accogliente. Con le sue dimensioni di 240 cm di larghezza, 100 cm&#8230;<\/p>\n","protected":false},"featured_media":1738,"comment_status":"open","ping_status":"closed","template":"","meta":{"inline_featured_image":false},"product_brand":[],"product_cat":[23],"product_tag":[],"class_list":{"0":"post-1737","1":"product","2":"type-product","3":"status-publish","4":"has-post-thumbnail","6":"product_cat-divani","8":"first","9":"instock","10":"sale","11":"taxable","12":"shipping-taxable","13":"purchasable","14":"product-type-simple"},"_links":{"self":[{"href":"https:\/\/carli1870.it\/de\/wp-json\/wp\/v2\/product\/1737","targetHints":{"allow":["GET"]}}],"collection":[{"href":"https:\/\/carli1870.it\/de\/wp-json\/wp\/v2\/product"}],"about":[{"href":"https:\/\/carli1870.it\/de\/wp-json\/wp\/v2\/types\/product"}],"replies":[{"embeddable":true,"href":"https:\/\/carli1870.it\/de\/wp-json\/wp\/v2\/comments?post=1737"}],"wp:featuredmedia":[{"embeddable":true,"href":"https:\/\/carli1870.it\/de\/wp-json\/wp\/v2\/media\/1738"}],"wp:attachment":[{"href":"https:\/\/carli1870.it\/de\/wp-json\/wp\/v2\/media?parent=1737"}],"wp:term":[{"taxonomy":"product_brand","embeddable":true,"href":"https:\/\/carli1870.it\/de\/wp-json\/wp\/v2\/product_brand?post=1737"},{"taxonomy":"product_cat","embeddable":true,"href":"https:\/\/carli1870.it\/de\/wp-json\/wp\/v2\/product_cat?post=1737"},{"taxonomy":"product_tag","embeddable":true,"href":"https:\/\/carli1870.it\/de\/wp-json\/wp\/v2\/product_tag?post=1737"}],"curies":[{"name":"wp","href":"https:\/\/api.w.org\/{rel}","templated":true}]}}