{"id":1747,"date":"2025-10-16T09:28:38","date_gmt":"2025-10-16T09:28:38","guid":{"rendered":"https:\/\/carli1870.it\/?post_type=product&#038;p=1747"},"modified":"2025-10-16T09:28:38","modified_gmt":"2025-10-16T09:28:38","slug":"materasso-omnia-black-schiumato","status":"publish","type":"product","link":"https:\/\/carli1870.it\/de\/materasso-omnia-black-schiumato\/","title":{"rendered":"Materasso Omnia Black schiumato"},"content":{"rendered":"<p class=\"p1\">Il <span class=\"s1\"><b>materasso Omnia Black<\/b><\/span> \u00e8 un modello innovativo e confortevole, realizzato in <span class=\"s1\"><b>schiumato ad alta densit\u00e0<\/b><\/span> per garantire sostegno, traspirabilit\u00e0 e durata nel tempo. Con dimensioni di <span class=\"s1\"><b>80 x 190 cm<\/b><\/span>, unisce tecnologia e praticit\u00e0 in una soluzione ideale per chi cerca un riposo rigenerante e personalizzato.<\/p>\n<p class=\"p1\">Il <span class=\"s1\"><b>rivestimento in tessuto Tencel<\/b><\/span> di colore nero, completamente <span class=\"s1\"><b>sfoderabile e lavabile in lavatrice<\/b><\/span>, offre una sensazione di freschezza e morbidezza al tatto, oltre a eccellenti propriet\u00e0 di termoregolazione e assorbimento dell\u2019umidit\u00e0.<\/p>\n<p class=\"p1\">Un elemento distintivo del modello \u00e8 la <span class=\"s1\"><b>parte superiore con materassino in memory foam<\/b><\/span>, fissata tramite <span class=\"s1\"><b>cerniera<\/b><\/span> e <span class=\"s1\"><b>utilizzabile anche separatamente<\/b><\/span>. Questa caratteristica permette di adattare il comfort alle diverse esigenze, rendendo il materasso Omnia Black estremamente versatile.<\/p>\n<p class=\"p1\">Un prodotto moderno, igienico e funzionale, che combina materiali di qualit\u00e0 e soluzioni intelligenti per offrire il massimo benessere in ogni stagione.<\/p>\n","protected":false},"excerpt":{"rendered":"<p>Il materasso Omnia Black \u00e8 un modello innovativo e confortevole, realizzato in schiumato ad alta densit\u00e0 per garantire sostegno, traspirabilit\u00e0 e durata nel tempo. Con dimensioni di 80 x 190 cm, unisce&#8230;<\/p>\n","protected":false},"featured_media":1748,"comment_status":"open","ping_status":"closed","template":"","meta":{"inline_featured_image":false},"product_brand":[],"product_cat":[24],"product_tag":[],"class_list":{"0":"post-1747","1":"product","2":"type-product","3":"status-publish","4":"has-post-thumbnail","6":"product_cat-materassi","8":"first","9":"instock","10":"sale","11":"taxable","12":"shipping-taxable","13":"purchasable","14":"product-type-simple"},"_links":{"self":[{"href":"https:\/\/carli1870.it\/de\/wp-json\/wp\/v2\/product\/1747","targetHints":{"allow":["GET"]}}],"collection":[{"href":"https:\/\/carli1870.it\/de\/wp-json\/wp\/v2\/product"}],"about":[{"href":"https:\/\/carli1870.it\/de\/wp-json\/wp\/v2\/types\/product"}],"replies":[{"embeddable":true,"href":"https:\/\/carli1870.it\/de\/wp-json\/wp\/v2\/comments?post=1747"}],"wp:featuredmedia":[{"embeddable":true,"href":"https:\/\/carli1870.it\/de\/wp-json\/wp\/v2\/media\/1748"}],"wp:attachment":[{"href":"https:\/\/carli1870.it\/de\/wp-json\/wp\/v2\/media?parent=1747"}],"wp:term":[{"taxonomy":"product_brand","embeddable":true,"href":"https:\/\/carli1870.it\/de\/wp-json\/wp\/v2\/product_brand?post=1747"},{"taxonomy":"product_cat","embeddable":true,"href":"https:\/\/carli1870.it\/de\/wp-json\/wp\/v2\/product_cat?post=1747"},{"taxonomy":"product_tag","embeddable":true,"href":"https:\/\/carli1870.it\/de\/wp-json\/wp\/v2\/product_tag?post=1747"}],"curies":[{"name":"wp","href":"https:\/\/api.w.org\/{rel}","templated":true}]}}