{"id":1761,"date":"2025-10-16T12:28:12","date_gmt":"2025-10-16T12:28:12","guid":{"rendered":"https:\/\/carli1870.it\/?post_type=product&#038;p=1761"},"modified":"2026-02-16T16:12:04","modified_gmt":"2026-02-16T16:12:04","slug":"scavolini-living-mod-mia","status":"publish","type":"product","link":"https:\/\/carli1870.it\/de\/scavolini-living-mod-mia\/","title":{"rendered":"Scavolini Living mod. MIA"},"content":{"rendered":"<p class=\"p1\">Il living Scavolini modello MIA \u00e8 una composizione sospesa dal carattere elegante e contemporaneo, capace di fondere design raffinato e praticit\u00e0 quotidiana. L\u2019ampio mobile da 240 cm di larghezza, 38 cm di profondit\u00e0 e 200 cm di altezza, \u00e8 pensato per offrire equilibrio estetico e funzionalit\u00e0 impeccabile. Le quattro basi da 60 cm con ante in decorativo Azimut presentano una maniglia incassata in acciaio scuro che dona un tocco tecnico e moderno, mentre il piano superiore in raffinato Gres Pietra d\u2019Iseo Kerlite sottolinea la solidit\u00e0 e la qualit\u00e0 dei materiali impiegati.<\/p>\n<p class=\"p1\">Sopra le basi si sviluppa la boiserie Line System in Rovere Gessato, una struttura elegante e modulare che integra luce superiore e accessori funzionali, creando un\u2019area living accogliente e dall\u2019atmosfera curata nei minimi dettagli. L\u2019insieme esprime al meglio la filosofia Scavolini: linee pure, materiali pregiati e una progettazione pensata per coniugare estetica e comfort abitativo.<\/p>\n<p class=\"p1\">Disponibile presso lo Scavolini Store di Trento, il modello MIA rappresenta una soluzione ideale per chi desidera un soggiorno di design con una forte identit\u00e0 stilistica e un\u2019elevata qualit\u00e0 costruttiva.<\/p>\n","protected":false},"excerpt":{"rendered":"<p>Il living Scavolini modello MIA \u00e8 una composizione sospesa dal carattere elegante e contemporaneo, capace di fondere design raffinato e praticit\u00e0 quotidiana. L\u2019ampio mobile da 240 cm di larghezza, 38 cm di&#8230;<\/p>\n","protected":false},"featured_media":1762,"comment_status":"open","ping_status":"closed","template":"","meta":{"inline_featured_image":false},"product_brand":[],"product_cat":[19],"product_tag":[],"class_list":{"0":"post-1761","1":"product","2":"type-product","3":"status-publish","4":"has-post-thumbnail","6":"product_cat-zona-giorno","8":"first","9":"instock","10":"sale","11":"taxable","12":"shipping-taxable","13":"purchasable","14":"product-type-simple"},"_links":{"self":[{"href":"https:\/\/carli1870.it\/de\/wp-json\/wp\/v2\/product\/1761","targetHints":{"allow":["GET"]}}],"collection":[{"href":"https:\/\/carli1870.it\/de\/wp-json\/wp\/v2\/product"}],"about":[{"href":"https:\/\/carli1870.it\/de\/wp-json\/wp\/v2\/types\/product"}],"replies":[{"embeddable":true,"href":"https:\/\/carli1870.it\/de\/wp-json\/wp\/v2\/comments?post=1761"}],"wp:featuredmedia":[{"embeddable":true,"href":"https:\/\/carli1870.it\/de\/wp-json\/wp\/v2\/media\/1762"}],"wp:attachment":[{"href":"https:\/\/carli1870.it\/de\/wp-json\/wp\/v2\/media?parent=1761"}],"wp:term":[{"taxonomy":"product_brand","embeddable":true,"href":"https:\/\/carli1870.it\/de\/wp-json\/wp\/v2\/product_brand?post=1761"},{"taxonomy":"product_cat","embeddable":true,"href":"https:\/\/carli1870.it\/de\/wp-json\/wp\/v2\/product_cat?post=1761"},{"taxonomy":"product_tag","embeddable":true,"href":"https:\/\/carli1870.it\/de\/wp-json\/wp\/v2\/product_tag?post=1761"}],"curies":[{"name":"wp","href":"https:\/\/api.w.org\/{rel}","templated":true}]}}